{"id":6277,"date":"2019-09-05T13:21:53","date_gmt":"2019-09-05T18:21:53","guid":{"rendered":"https:\/\/chocolateriaartesanalamazonica.com\/?page_id=6277"},"modified":"2024-01-31T20:11:18","modified_gmt":"2024-02-01T01:11:18","slug":"sobre-nosotros","status":"publish","type":"page","link":"https:\/\/tesoroamazonico.com\/en\/sobre-nosotros\/","title":{"rendered":"About us"},"content":{"rendered":"<div id=\"fws_69e78c034629e\"  data-column-margin=\"default\" data-midnight=\"dark\"  class=\"wpb_row vc_row-fluid vc_row full-width-content vc_row-o-full-height vc_row-o-columns-stretch vc_row-o-equal-height vc_row-flex vc_row-o-content-middle\"  style=\"padding-top: 0px; padding-bottom: 0px; \"><div class=\"row-bg-wrap\" data-bg-animation=\"none\" data-bg-animation-delay=\"\" data-bg-overlay=\"false\"><div class=\"inner-wrap row-bg-layer\" ><div class=\"row-bg viewport-desktop\"  style=\"\"><\/div><\/div><\/div><div class=\"row_col_wrap_12 col span_12 dark left\">\n\t<div style=\"\" class=\"vc_col-sm-6 wpb_column column_container vc_column_container col no-extra-padding inherit_tablet inherit_phone\" data-using-bg=\"true\" data-padding-pos=\"all\" data-has-bg-color=\"true\" data-bg-color=\"#000000\" data-bg-opacity=\"0.5\" data-animation=\"\" data-delay=\"0\" >\n\t\t<div class=\"vc_column-inner\" ><div class=\"column-image-bg-wrap column-bg-layer viewport-desktop\" data-bg-pos=\"center center\" data-bg-animation=\"none\" data-bg-overlay=\"false\"><div class=\"inner-wrap\"><div class=\"column-image-bg\" style=\" background-image: url('https:\/\/tesoroamazonico.com\/wp-content\/uploads\/2019\/09\/46087484_2197486273839939_699381324745539584_n.jpg'); \"><\/div><\/div><\/div><div class=\"column-bg-overlay-wrap column-bg-layer\" data-bg-animation=\"none\"><div class=\"column-bg-overlay\" style=\"opacity: 0.5; background-color: #000000;\"><\/div><\/div>\n\t\t\t<div class=\"wpb_wrapper\">\n\t\t\t\t<div class=\"divider-wrap\" data-alignment=\"default\"><div style=\"height: 500px;\" class=\"divider\"><\/div><\/div>\n\t\t\t<\/div> \n\t\t<\/div>\n\t<\/div> \n\n\t<div style=\"\" class=\"vc_col-sm-6 wpb_column column_container vc_column_container col padding-8-percent inherit_tablet inherit_phone\" data-using-bg=\"true\" data-padding-pos=\"all\" data-has-bg-color=\"true\" data-bg-color=\"#ffffff\" data-bg-opacity=\"1\" data-animation=\"\" data-delay=\"0\" >\n\t\t<div class=\"vc_column-inner\" ><div class=\"column-bg-overlay-wrap column-bg-layer\" data-bg-animation=\"none\"><div class=\"column-bg-overlay\" style=\"opacity: 1; background-color: #ffffff;\"><\/div><\/div>\n\t\t\t<div class=\"wpb_wrapper\">\n\t\t\t\t\n<div class=\"nectar-animated-title\" data-style=\"color-strip-reveal\" data-color=\"accent-color\">\n\t<div class=\"nectar-animated-title-outer\">\n\t\t<div class=\"nectar-animated-title-inner\">\n\t\t\t<div class=\"wrap\"><h5 style=\"color: #ffffff;\">Our History<\/h5><\/div>\n\t\t<\/div>\n\t<\/div>\n<\/div><h2 style=\"font-size: 42px;line-height: 52px;text-align: left\" class=\"vc_custom_heading\" >Tesoro Amaz\u00f3nico is the fruit of years of multiple experiences lived in Peru<\/h2>\n<div class=\"wpb_text_column wpb_content_element  vc_custom_1653528855645\" >\n\t<div class=\"wpb_wrapper\">\n\t\t<p>At Tesoro Amaz\u00f3nico, Chocolateria Artesanal Amazonica, throughout the process, we use artisanal methods with state-of-the-art equipment. In this way, we ensure that we offer the aromas and profiles of the grain in our chocolates, but<br \/>\nThe answer is simple: Personal touch at each stage.<br \/>\nWe are located in Jr. Martinez de Compag\u00f1on 1220 Tarapoto, San Martin, in the middle of the Amazon jungle and that helps us because we are so close to cocoa production. We receive the grain at our plant and select it, clean it and roast it at different temperatures depending on its origin. Then, the nibs obtained are refined at low speed, the product obtained is conched, tempered and molded. The same nibs are processed and pressed to obtain the butter that will be added in production. Finally, the product obtained is a single-origin bean-to-bar chocolate.<\/p>\n\t<\/div>\n<\/div>\n\n\n\n\n<div class=\"wpb_text_column wpb_content_element  vc_custom_1653581905378\" >\n\t<div class=\"wpb_wrapper\">\n\t\t<p class=\" translation-block\">Chocolater\u00eda Tesoro Amaz\u00f3nico has been in business for 7 years, but Michele, the Chocolatier, has experience since 2008, both in Italy and in Ecuador and finally in Peru.\nWe are a Chocolate Factory with Organic Certification and we have the HACCP Certificate.\nWe have won several Gold medals with our products at the International Chocolat Awards in the Americas and worldwide.\nWe are a company with a social vision, we do not believe that the farmer only has to be paid a fair price for his work, but to believe in what he does and make him believe in us. Together we are working to improve the already high quality of cocoa in the field, researching the best genes, implementing the innovations we have discovered together in improving its harvest, fermentation and drying. We grow together with our partners in the field, discover new horizons and find new treasures.<\/p>\n\t<\/div>\n<\/div>\n\n\n\n\n\t\t\t<\/div> \n\t\t<\/div>\n\t<\/div> \n<\/div><\/div>","protected":false},"excerpt":{"rendered":"Historia Tesoro Amaz\u00f3nico es el fruto de a\u00f1os de m\u00faltiples experiencias vividas en Per\u00fa En Tesoro Amaz\u00f3nico, Chocolateria artesanal, en todo el proceso, utilizamos los m\u00e9todos artesanales con equipo de...","protected":false},"author":1,"featured_media":0,"parent":0,"menu_order":0,"comment_status":"closed","ping_status":"closed","template":"","meta":{"footnotes":""},"class_list":["post-6277","page","type-page","status-publish"],"yoast_head":"<!-- This site is optimized with the Yoast SEO Premium plugin v21.9 (Yoast SEO v21.9.1) - https:\/\/yoast.com\/wordpress\/plugins\/seo\/ -->\n<title>Tesoro Amaz\u00f3nico: Sobre Nosotros<\/title>\n<meta name=\"description\" content=\"Tesoro Amaz\u00f3nico es una marca que elabora chocolates premium utilizando ingredientes de alta calidad con origen en Tarapoto Per\u00fa.\" \/>\n<meta name=\"robots\" content=\"index, follow, max-snippet:-1, max-image-preview:large, max-video-preview:-1\" \/>\n<link rel=\"canonical\" href=\"https:\/\/tesoroamazonico.com\/en\/sobre-nosotros\/\" \/>\n<meta property=\"og:locale\" content=\"en_US\" \/>\n<meta property=\"og:type\" content=\"article\" \/>\n<meta property=\"og:title\" content=\"Sobre Nosotros\" \/>\n<meta property=\"og:description\" content=\"Tesoro Amaz\u00f3nico es una marca que elabora chocolates premium utilizando ingredientes de alta calidad con origen en Tarapoto Per\u00fa.\" \/>\n<meta property=\"og:url\" content=\"https:\/\/tesoroamazonico.com\/en\/sobre-nosotros\/\" \/>\n<meta property=\"og:site_name\" content=\"Chocolater\u00eda - Tesoro Amaz\u00f3nico\" \/>\n<meta property=\"article:publisher\" content=\"https:\/\/www.facebook.com\/TesoroAmazonico\" \/>\n<meta property=\"article:modified_time\" content=\"2024-02-01T01:11:18+00:00\" \/>\n<meta name=\"twitter:card\" content=\"summary_large_image\" \/>\n<meta name=\"twitter:label1\" content=\"Est. reading time\" \/>\n\t<meta name=\"twitter:data1\" content=\"3 minutes\" \/>\n<script type=\"application\/ld+json\" class=\"yoast-schema-graph\">{\"@context\":\"https:\/\/schema.org\",\"@graph\":[{\"@type\":\"WebPage\",\"@id\":\"https:\/\/tesoroamazonico.com\/sobre-nosotros\/\",\"url\":\"https:\/\/tesoroamazonico.com\/sobre-nosotros\/\",\"name\":\"Tesoro Amaz\u00f3nico: Sobre Nosotros\",\"isPartOf\":{\"@id\":\"https:\/\/tesoroamazonico.com\/#website\"},\"datePublished\":\"2019-09-05T18:21:53+00:00\",\"dateModified\":\"2024-02-01T01:11:18+00:00\",\"description\":\"Tesoro Amaz\u00f3nico es una marca que elabora chocolates premium utilizando ingredientes de alta calidad con origen en Tarapoto Per\u00fa.\",\"breadcrumb\":{\"@id\":\"https:\/\/tesoroamazonico.com\/sobre-nosotros\/#breadcrumb\"},\"inLanguage\":\"en-US\",\"potentialAction\":[{\"@type\":\"ReadAction\",\"target\":[\"https:\/\/tesoroamazonico.com\/sobre-nosotros\/\"]}]},{\"@type\":\"BreadcrumbList\",\"@id\":\"https:\/\/tesoroamazonico.com\/sobre-nosotros\/#breadcrumb\",\"itemListElement\":[{\"@type\":\"ListItem\",\"position\":1,\"name\":\"Portada\",\"item\":\"https:\/\/tesoroamazonico.com\/\"},{\"@type\":\"ListItem\",\"position\":2,\"name\":\"Sobre Nosotros\"}]},{\"@type\":\"WebSite\",\"@id\":\"https:\/\/tesoroamazonico.com\/#website\",\"url\":\"https:\/\/tesoroamazonico.com\/\",\"name\":\"Tesoro Amaz\u00f3nico\",\"description\":\"Chocolater\u00eda - Tesoro Amaz\u00f3nico\",\"publisher\":{\"@id\":\"https:\/\/tesoroamazonico.com\/#organization\"},\"potentialAction\":[{\"@type\":\"SearchAction\",\"target\":{\"@type\":\"EntryPoint\",\"urlTemplate\":\"https:\/\/tesoroamazonico.com\/?s={search_term_string}\"},\"query-input\":\"required name=search_term_string\"}],\"inLanguage\":\"en-US\"},{\"@type\":\"Organization\",\"@id\":\"https:\/\/tesoroamazonico.com\/#organization\",\"name\":\"Tesoro Amaz\u00f3nico\",\"url\":\"https:\/\/tesoroamazonico.com\/\",\"logo\":{\"@type\":\"ImageObject\",\"inLanguage\":\"en-US\",\"@id\":\"https:\/\/tesoroamazonico.com\/#\/schema\/logo\/image\/\",\"url\":\"https:\/\/tesoroamazonico.com\/wp-content\/uploads\/2020\/07\/tesoro-amazonico.png\",\"contentUrl\":\"https:\/\/tesoroamazonico.com\/wp-content\/uploads\/2020\/07\/tesoro-amazonico.png\",\"width\":310,\"height\":284,\"caption\":\"Tesoro Amaz\u00f3nico\"},\"image\":{\"@id\":\"https:\/\/tesoroamazonico.com\/#\/schema\/logo\/image\/\"},\"sameAs\":[\"https:\/\/www.facebook.com\/TesoroAmazonico\"]}]}<\/script>\n<!-- \/ Yoast SEO Premium plugin. -->","yoast_head_json":{"title":"Tesoro Amaz\u00f3nico: Sobre Nosotros","description":"Tesoro Amaz\u00f3nico es una marca que elabora chocolates premium utilizando ingredientes de alta calidad con origen en Tarapoto Per\u00fa.","robots":{"index":"index","follow":"follow","max-snippet":"max-snippet:-1","max-image-preview":"max-image-preview:large","max-video-preview":"max-video-preview:-1"},"canonical":"https:\/\/tesoroamazonico.com\/en\/sobre-nosotros\/","og_locale":"en_US","og_type":"article","og_title":"Sobre Nosotros","og_description":"Tesoro Amaz\u00f3nico es una marca que elabora chocolates premium utilizando ingredientes de alta calidad con origen en Tarapoto Per\u00fa.","og_url":"https:\/\/tesoroamazonico.com\/en\/sobre-nosotros\/","og_site_name":"Chocolater\u00eda - Tesoro Amaz\u00f3nico","article_publisher":"https:\/\/www.facebook.com\/TesoroAmazonico","article_modified_time":"2024-02-01T01:11:18+00:00","twitter_card":"summary_large_image","twitter_misc":{"Est. reading time":"3 minutes"},"schema":{"@context":"https:\/\/schema.org","@graph":[{"@type":"WebPage","@id":"https:\/\/tesoroamazonico.com\/sobre-nosotros\/","url":"https:\/\/tesoroamazonico.com\/sobre-nosotros\/","name":"Tesoro Amaz\u00f3nico: Sobre Nosotros","isPartOf":{"@id":"https:\/\/tesoroamazonico.com\/#website"},"datePublished":"2019-09-05T18:21:53+00:00","dateModified":"2024-02-01T01:11:18+00:00","description":"Tesoro Amaz\u00f3nico es una marca que elabora chocolates premium utilizando ingredientes de alta calidad con origen en Tarapoto Per\u00fa.","breadcrumb":{"@id":"https:\/\/tesoroamazonico.com\/sobre-nosotros\/#breadcrumb"},"inLanguage":"en-US","potentialAction":[{"@type":"ReadAction","target":["https:\/\/tesoroamazonico.com\/sobre-nosotros\/"]}]},{"@type":"BreadcrumbList","@id":"https:\/\/tesoroamazonico.com\/sobre-nosotros\/#breadcrumb","itemListElement":[{"@type":"ListItem","position":1,"name":"Portada","item":"https:\/\/tesoroamazonico.com\/"},{"@type":"ListItem","position":2,"name":"Sobre Nosotros"}]},{"@type":"WebSite","@id":"https:\/\/tesoroamazonico.com\/#website","url":"https:\/\/tesoroamazonico.com\/","name":"Tesoro Amaz\u00f3nico","description":"Chocolater\u00eda - Tesoro Amaz\u00f3nico","publisher":{"@id":"https:\/\/tesoroamazonico.com\/#organization"},"potentialAction":[{"@type":"SearchAction","target":{"@type":"EntryPoint","urlTemplate":"https:\/\/tesoroamazonico.com\/?s={search_term_string}"},"query-input":"required name=search_term_string"}],"inLanguage":"en-US"},{"@type":"Organization","@id":"https:\/\/tesoroamazonico.com\/#organization","name":"Tesoro Amaz\u00f3nico","url":"https:\/\/tesoroamazonico.com\/","logo":{"@type":"ImageObject","inLanguage":"en-US","@id":"https:\/\/tesoroamazonico.com\/#\/schema\/logo\/image\/","url":"https:\/\/tesoroamazonico.com\/wp-content\/uploads\/2020\/07\/tesoro-amazonico.png","contentUrl":"https:\/\/tesoroamazonico.com\/wp-content\/uploads\/2020\/07\/tesoro-amazonico.png","width":310,"height":284,"caption":"Tesoro Amaz\u00f3nico"},"image":{"@id":"https:\/\/tesoroamazonico.com\/#\/schema\/logo\/image\/"},"sameAs":["https:\/\/www.facebook.com\/TesoroAmazonico"]}]}},"_links":{"self":[{"href":"https:\/\/tesoroamazonico.com\/en\/wp-json\/wp\/v2\/pages\/6277","targetHints":{"allow":["GET"]}}],"collection":[{"href":"https:\/\/tesoroamazonico.com\/en\/wp-json\/wp\/v2\/pages"}],"about":[{"href":"https:\/\/tesoroamazonico.com\/en\/wp-json\/wp\/v2\/types\/page"}],"author":[{"embeddable":true,"href":"https:\/\/tesoroamazonico.com\/en\/wp-json\/wp\/v2\/users\/1"}],"replies":[{"embeddable":true,"href":"https:\/\/tesoroamazonico.com\/en\/wp-json\/wp\/v2\/comments?post=6277"}],"version-history":[{"count":4,"href":"https:\/\/tesoroamazonico.com\/en\/wp-json\/wp\/v2\/pages\/6277\/revisions"}],"predecessor-version":[{"id":6778,"href":"https:\/\/tesoroamazonico.com\/en\/wp-json\/wp\/v2\/pages\/6277\/revisions\/6778"}],"wp:attachment":[{"href":"https:\/\/tesoroamazonico.com\/en\/wp-json\/wp\/v2\/media?parent=6277"}],"curies":[{"name":"wp","href":"https:\/\/api.w.org\/{rel}","templated":true}]}}