{"id":6378,"date":"2020-07-24T12:45:01","date_gmt":"2020-07-24T17:45:01","guid":{"rendered":"https:\/\/chocolateriaartesanalamazonica.com\/?page_id=6378"},"modified":"2021-10-24T17:26:00","modified_gmt":"2021-10-24T22:26:00","slug":"origenes","status":"publish","type":"page","link":"https:\/\/tesoroamazonico.com\/en\/origenes\/","title":{"rendered":"Origins"},"content":{"rendered":"<div id=\"fws_69e78c033d148\"  data-column-margin=\"default\" data-midnight=\"light\" data-top-percent=\"10%\" data-bottom-percent=\"10%\"  class=\"wpb_row vc_row-fluid vc_row full-width-section\"  style=\"padding-top: calc(100vw * 0.10); padding-bottom: calc(100vw * 0.10); \"><div class=\"row-bg-wrap\" data-bg-animation=\"none\" data-bg-animation-delay=\"\" data-bg-overlay=\"false\"><div class=\"inner-wrap row-bg-layer\" ><div class=\"row-bg viewport-desktop using-bg-color\"  style=\"background-color: #0a0908; \"><\/div><\/div><\/div><div class=\"row_col_wrap_12 col span_12 light left\">\n\t<div  class=\"vc_col-sm-12 wpb_column column_container vc_column_container col no-extra-padding inherit_tablet inherit_phone\"  data-padding-pos=\"all\" data-has-bg-color=\"false\" data-bg-color=\"\" data-bg-opacity=\"1\" data-animation=\"\" data-delay=\"0\" >\n\t\t<div class=\"vc_column-inner\" >\n\t\t\t<div class=\"wpb_wrapper\">\n\t\t\t\t<div class=\"nectar-scrolling-tabs\" data-m-display=\"visible\" data-nav-tag=\"h3\" data-tab-spacing=\"40%\" data-navigation-width=\"regular\" data-color-scheme=\"accent-color\"><div class=\"scrolling-tab-nav\"><div class=\"line\"><\/div><ul class=\"wpb_tabs_nav ui-tabs-nav\" data-spacing=\"45px\"><li class=\"menu-item active-tab\"><div class=\"menu-content\"><h3 class=\"tab-nav-heading nectar-bg-pseudo-accent-color\"><a class=\"skip-hash\" href=\"#tab_69e78c033e2a1\"><span>Piura Origin<\/span><\/a><\/h3><\/div><\/li><li class=\"menu-item\"><div class=\"menu-content\"><h3 class=\"tab-nav-heading nectar-bg-pseudo-accent-color\"><a class=\"skip-hash\" href=\"#tab_69e78c033e2a9\"><span>San Mart\u00edn Origin<\/span><\/a><\/h3><\/div><\/li><li class=\"menu-item\"><div class=\"menu-content\"><h3 class=\"tab-nav-heading nectar-bg-pseudo-accent-color\"><a class=\"skip-hash\" href=\"#tab_69e78c033e2ae\"><span>Cuzco Origin<\/span><\/a><\/h3><\/div><\/li><\/ul><\/div><div class=\"scrolling-tab-content\">\n\t\t\t<div id=\"tab-origen-piura\" data-tab-icon=\"\" class=\"wpb_tab ui-tabs-panel wpb_ui-tabs-hide clearfix\">\n\t\t\t\t<div id=\"fws_69e78c033ebf8\" data-midnight=\"\" data-column-margin=\"default\" class=\"wpb_row vc_row-fluid vc_row inner_row\"  style=\"\"><div class=\"row-bg-wrap\"> <div class=\"row-bg\" ><\/div> <\/div><div class=\"row_col_wrap_12_inner col span_12  left\">\n\t<div  class=\"vc_col-sm-12 wpb_column column_container vc_column_container col child_column no-extra-padding inherit_tablet inherit_phone\"   data-padding-pos=\"all\" data-has-bg-color=\"false\" data-bg-color=\"\" data-bg-opacity=\"1\" data-animation=\"\" data-delay=\"0\" >\n\t\t<div class=\"vc_column-inner\" >\n\t\t<div class=\"wpb_wrapper\">\n\t\t\t\n<div class=\"wpb_text_column wpb_content_element\" >\n\t<div class=\"wpb_wrapper\">\n\t\t<p><span style=\"color: #d8a93a;\"><strong>Origin:<\/strong><\/span> Piura, a desert region to the northwest, between the Pacific Ocean and the Andes, there is a forest belt with a particularly clayey and humid soil, the \"Gran Blanco\" is born, from aromatic Criollo cocoa beans composed of a minimum of 40% of albino cocoa beans, unique in the world.<\/p>\n\t<\/div>\n<\/div>\n\n\n\n\n<div class=\"wpb_text_column wpb_content_element  vc_custom_1595615480907\" >\n\t<div class=\"wpb_wrapper\">\n\t\t<p><span style=\"color: #d8a93a;\"><strong>Variety: <\/strong><\/span>Very fine aromatic Creole Cocoa.<\/p>\n\t<\/div>\n<\/div>\n\n\n\n\n\t\t<\/div> \n\t<\/div>\n\t<\/div> \n<\/div><\/div><div id=\"fws_69e78c033f96d\" data-midnight=\"\" data-column-margin=\"default\" class=\"wpb_row vc_row-fluid vc_row inner_row vc_row-o-equal-height vc_row-flex\"  style=\"\"><div class=\"row-bg-wrap\"> <div class=\"row-bg\" ><\/div> <\/div><div class=\"row_col_wrap_12_inner col span_12  left\">\n\t<div  class=\"vc_col-sm-6 wpb_column column_container vc_column_container col child_column has-animation padding-3-percent inherit_tablet inherit_phone\"   data-padding-pos=\"top-bottom\" data-has-bg-color=\"false\" data-bg-color=\"\" data-bg-opacity=\"1\" data-animation=\"fade-in-from-bottom\" data-delay=\"0\" >\n\t\t<div class=\"vc_column-inner\" >\n\t\t<div class=\"wpb_wrapper\">\n\t\t\t\n<div class=\"wpb_text_column wpb_content_element\" >\n\t<div class=\"wpb_wrapper\">\n\t\t<p><span style=\"color: #d8a93a;\"><strong>Available flavors:<br \/>\n<\/strong><\/span><\/p>\n<ul>\n<li>100% Licor<\/li>\n<li>88% Dark<\/li>\n<li>76% Dark<\/li>\n<li>65% Dark<\/li>\n<li>62% Espresso<\/li>\n<li>59% Dark Coco<\/li>\n<li>55% Dark Milk<\/li>\n<li>39% Mokaccino<\/li>\n<\/ul>\n\t<\/div>\n<\/div>\n\n\n\n\n\t\t<\/div> \n\t<\/div>\n\t<\/div> \n\n\t<div  class=\"vc_col-sm-6 wpb_column column_container vc_column_container col child_column has-animation padding-3-percent inherit_tablet inherit_phone\"   data-padding-pos=\"top-bottom\" data-has-bg-color=\"false\" data-bg-color=\"\" data-bg-opacity=\"1\" data-animation=\"fade-in-from-bottom\" data-delay=\"100\" >\n\t\t<div class=\"vc_column-inner\" >\n\t\t<div class=\"wpb_wrapper\">\n\t\t\t\n<div class=\"wpb_text_column wpb_content_element  vc_custom_1595615470665\" >\n\t<div class=\"wpb_wrapper\">\n\t\t<p><span style=\"color: #d8a93a;\"><strong>Aromatic Profile: <\/strong><\/span>Piura cocoa from the San Juan de Bigote area is distinguished by its characteristic medium acidity typical of citrus fruits such as tangerines and oranges, notes of malt, slightly sweet with the flavor of honey and panela, creamy milk with the presence of nuts at the end and spices. Light touch of tobacco. Good cocoa flavor.<\/p>\n\t<\/div>\n<\/div>\n\n\n\n\n\t\t<\/div> \n\t<\/div>\n\t<\/div> \n<\/div><\/div><div id=\"fws_69e78c033ff54\" data-midnight=\"\" data-column-margin=\"default\" class=\"wpb_row vc_row-fluid vc_row inner_row vc_row-o-equal-height vc_row-flex\"  style=\"\"><div class=\"row-bg-wrap\"> <div class=\"row-bg\" ><\/div> <\/div><div class=\"row_col_wrap_12_inner col span_12  left\">\n\t<div  class=\"vc_col-sm-12 wpb_column column_container vc_column_container col child_column has-animation padding-3-percent inherit_tablet inherit_phone\"   data-padding-pos=\"top-bottom\" data-has-bg-color=\"false\" data-bg-color=\"\" data-bg-opacity=\"1\" data-animation=\"fade-in-from-bottom\" data-delay=\"0\" >\n\t\t<div class=\"vc_column-inner\" >\n\t\t<div class=\"wpb_wrapper\">\n\t\t\t\n<div class=\"wpb_text_column wpb_content_element\" >\n\t<div class=\"wpb_wrapper\">\n\t\t<p><span style=\"color: #d8a93a;\"><strong>Super Food:<br \/>\n<\/strong><\/span><\/p>\n<p>In the refining process of the original chocolate, the atomized fruit is added.<br \/>\nOnce processed, the pulp and the shell of the fruit are dehydrated by spraying.<\/p>\n<ul>\n<li>65% Dark con algarrobo<\/li>\n<li>55% Dark con arandano<\/li>\n<\/ul>\n\t<\/div>\n<\/div>\n\n\n\n\n\t\t<\/div> \n\t<\/div>\n\t<\/div> \n<\/div><\/div>\n\t\t\t<\/div> \n\t\t\t<div id=\"tab-origen-san-martin\" data-tab-icon=\"\" class=\"wpb_tab ui-tabs-panel wpb_ui-tabs-hide clearfix\">\n\t\t\t\t<div id=\"fws_69e78c03404cf\" data-midnight=\"\" data-column-margin=\"default\" class=\"wpb_row vc_row-fluid vc_row inner_row\"  style=\"\"><div class=\"row-bg-wrap\"> <div class=\"row-bg\" ><\/div> <\/div><div class=\"row_col_wrap_12_inner col span_12  left\">\n\t<div  class=\"vc_col-sm-12 wpb_column column_container vc_column_container col child_column no-extra-padding inherit_tablet inherit_phone\"   data-padding-pos=\"all\" data-has-bg-color=\"false\" data-bg-color=\"\" data-bg-opacity=\"1\" data-animation=\"\" data-delay=\"0\" >\n\t\t<div class=\"vc_column-inner\" >\n\t\t<div class=\"wpb_wrapper\">\n\t\t\t\n<div class=\"wpb_text_column wpb_content_element\" >\n\t<div class=\"wpb_wrapper\">\n\t\t<p><span style=\"color: #d8a93a;\"><strong>Origin: <\/strong><\/span>Province of Tocache, located northeast of the San Mart\u00edn region, in the heart of the jungle, with a characteristic torrid tropical climate that alternates with very intense seasonal rains. Most of the cocoa production area in San Mart\u00edn is clones of fine aroma. Of these, Amazon Treasure makes a special selection.<\/p>\n\t<\/div>\n<\/div>\n\n\n\n\n<div class=\"wpb_text_column wpb_content_element\" >\n\t<div class=\"wpb_wrapper\">\n\t\t<p><span style=\"color: #d8a93a;\"><strong>Variety: <\/strong><\/span>Cocoa Blend Complex composed of a complex of aromatic and autochthonous clones, characteristic of the area.<\/p>\n\t<\/div>\n<\/div>\n\n\n\n\n\t\t<\/div> \n\t<\/div>\n\t<\/div> \n<\/div><\/div><div id=\"fws_69e78c0340895\" data-midnight=\"\" data-column-margin=\"default\" class=\"wpb_row vc_row-fluid vc_row inner_row vc_row-o-equal-height vc_row-flex\"  style=\"\"><div class=\"row-bg-wrap\"> <div class=\"row-bg\" ><\/div> <\/div><div class=\"row_col_wrap_12_inner col span_12  left\">\n\t<div  class=\"vc_col-sm-6 wpb_column column_container vc_column_container col child_column has-animation padding-3-percent inherit_tablet inherit_phone\"   data-padding-pos=\"top-bottom\" data-has-bg-color=\"false\" data-bg-color=\"\" data-bg-opacity=\"1\" data-animation=\"fade-in-from-bottom\" data-delay=\"0\" >\n\t\t<div class=\"vc_column-inner\" >\n\t\t<div class=\"wpb_wrapper\">\n\t\t\t\n<div class=\"wpb_text_column wpb_content_element\" >\n\t<div class=\"wpb_wrapper\">\n\t\t<p><span style=\"color: #d8a93a;\"><strong>Available flavors:<\/strong><\/span><\/p>\n<ul>\n<li>100% Licor<\/li>\n<li>70% Dark<\/li>\n<li>42% Leche<\/li>\n<\/ul>\n\t<\/div>\n<\/div>\n\n\n\n\n\t\t<\/div> \n\t<\/div>\n\t<\/div> \n\n\t<div  class=\"vc_col-sm-6 wpb_column column_container vc_column_container col child_column has-animation padding-3-percent inherit_tablet inherit_phone\"   data-padding-pos=\"top-bottom\" data-has-bg-color=\"false\" data-bg-color=\"\" data-bg-opacity=\"1\" data-animation=\"fade-in-from-bottom\" data-delay=\"100\" >\n\t\t<div class=\"vc_column-inner\" >\n\t\t<div class=\"wpb_wrapper\">\n\t\t\t\n<div class=\"wpb_text_column wpb_content_element\" >\n\t<div class=\"wpb_wrapper\">\n\t\t<p><span style=\"color: #d8a93a;\"><strong>Aromatic Profile: <\/strong><\/span>Intense bits of cooked red fruits such as plums and raspberries, tropical fruits such as pineapple, banana and soursop, light and flowery jasmine, presence of dried fruits such as walnuts or pecans, slightly spicy. Chocolate flavor with a characteristic acidity typical of cocoa from this area.<\/p>\n\t<\/div>\n<\/div>\n\n\n\n\n\t\t<\/div> \n\t<\/div>\n\t<\/div> \n<\/div><\/div><div id=\"fws_69e78c0340db2\" data-midnight=\"\" data-column-margin=\"default\" class=\"wpb_row vc_row-fluid vc_row inner_row vc_row-o-equal-height vc_row-flex\"  style=\"\"><div class=\"row-bg-wrap\"> <div class=\"row-bg\" ><\/div> <\/div><div class=\"row_col_wrap_12_inner col span_12  left\">\n\t<div  class=\"vc_col-sm-12 wpb_column column_container vc_column_container col child_column has-animation padding-3-percent inherit_tablet inherit_phone\"   data-padding-pos=\"top-bottom\" data-has-bg-color=\"false\" data-bg-color=\"\" data-bg-opacity=\"1\" data-animation=\"fade-in-from-bottom\" data-delay=\"0\" >\n\t\t<div class=\"vc_column-inner\" >\n\t\t<div class=\"wpb_wrapper\">\n\t\t\t\n<div class=\"wpb_text_column wpb_content_element\" >\n\t<div class=\"wpb_wrapper\">\n\t\t<p><span style=\"color: #d8a93a;\"><strong>Super Food:<\/strong><\/span><\/p>\n<p>In the refining process of the original chocolate, the atomized fruit is added.<br \/>\nOnce processed, the pulp and the shell of the fruit are dehydrated by spraying.<\/p>\n<ul>\n<li>70% Dark con grandos andinos (canihua y quinua)<\/li>\n<li>42% Leche con l\u00facuma<\/li>\n<\/ul>\n\t<\/div>\n<\/div>\n\n\n\n\n\t\t<\/div> \n\t<\/div>\n\t<\/div> \n<\/div><\/div>\n\t\t\t<\/div> \n\t\t\t<div id=\"tab-origen-cuzco\" data-tab-icon=\"\" class=\"wpb_tab ui-tabs-panel wpb_ui-tabs-hide clearfix\">\n\t\t\t\t<div id=\"fws_69e78c0341222\" data-midnight=\"\" data-column-margin=\"none\" class=\"wpb_row vc_row-fluid vc_row inner_row\"  style=\"\"><div class=\"row-bg-wrap\"> <div class=\"row-bg\" ><\/div> <\/div><div class=\"row_col_wrap_12_inner col span_12  left\">\n\t<div  class=\"vc_col-sm-12 wpb_column column_container vc_column_container col child_column no-extra-padding inherit_tablet inherit_phone\"   data-padding-pos=\"all\" data-has-bg-color=\"false\" data-bg-color=\"\" data-bg-opacity=\"1\" data-animation=\"\" data-delay=\"0\" >\n\t\t<div class=\"vc_column-inner\" >\n\t\t<div class=\"wpb_wrapper\">\n\t\t\t\n<div class=\"wpb_text_column wpb_content_element  vc_custom_1595616015964\" >\n\t<div class=\"wpb_wrapper\">\n\t\t<p><span style=\"color: #d8a93a;\"><strong>Origin: <\/strong><\/span>VRAEM-CUZCO. Region located in the center-south of the Peruvian Amazon and in the heart of the ancient Inca Empire. The ruins of Machu Picchu are surrounded by tropical forests where the valley of the Apurimac, Ene and Mantaro rivers are located, and the presence of cocoa plantations dating back to imperial times. Extraordinary Creole cocoa with very complex characteristics that makes it unique. The VRAEM area is today an area with a strong presence of drug trafficking that limits the availability of this product and that gives special value to the work of farmers.<\/p>\n\t<\/div>\n<\/div>\n\n\n\n\n<div class=\"wpb_text_column wpb_content_element  vc_custom_1595616007100\" >\n\t<div class=\"wpb_wrapper\">\n\t\t<p><span style=\"color: #d8a93a;\"><strong>Variety: <\/strong><\/span>Very complex Criollo Cocoa.<\/p>\n\t<\/div>\n<\/div>\n\n\n\n\n\t\t<\/div> \n\t<\/div>\n\t<\/div> \n<\/div><\/div><div id=\"fws_69e78c03415e7\" data-midnight=\"\" data-column-margin=\"default\" class=\"wpb_row vc_row-fluid vc_row inner_row vc_row-o-equal-height vc_row-flex\"  style=\"\"><div class=\"row-bg-wrap\"> <div class=\"row-bg\" ><\/div> <\/div><div class=\"row_col_wrap_12_inner col span_12  left\">\n\t<div  class=\"vc_col-sm-6 wpb_column column_container vc_column_container col child_column has-animation padding-3-percent inherit_tablet inherit_phone\"   data-padding-pos=\"top-bottom\" data-has-bg-color=\"false\" data-bg-color=\"\" data-bg-opacity=\"1\" data-animation=\"fade-in-from-bottom\" data-delay=\"0\" >\n\t\t<div class=\"vc_column-inner\" >\n\t\t<div class=\"wpb_wrapper\">\n\t\t\t\n<div class=\"wpb_text_column wpb_content_element\" >\n\t<div class=\"wpb_wrapper\">\n\t\t<p><span style=\"color: #d8a93a;\"><strong>Available flavors:<\/strong><\/span><\/p>\n<ul>\n<li>100% Licor<\/li>\n<li>88% Dark<\/li>\n<li>70% Dark<\/li>\n<\/ul>\n\t<\/div>\n<\/div>\n\n\n\n\n\t\t<\/div> \n\t<\/div>\n\t<\/div> \n\n\t<div  class=\"vc_col-sm-6 wpb_column column_container vc_column_container col child_column has-animation padding-3-percent inherit_tablet inherit_phone\"   data-padding-pos=\"top-bottom\" data-has-bg-color=\"false\" data-bg-color=\"\" data-bg-opacity=\"1\" data-animation=\"fade-in-from-bottom\" data-delay=\"100\" >\n\t\t<div class=\"vc_column-inner\" >\n\t\t<div class=\"wpb_wrapper\">\n\t\t\t\n<div class=\"wpb_text_column wpb_content_element  vc_custom_1595615996914\" >\n\t<div class=\"wpb_wrapper\">\n\t\t<p><span style=\"color: #d8a93a;\"><strong>Aromatic Profile: <\/strong><\/span>Intense floral notes of pink flowers, citrus fruits such as pink grapefruit, passion fruit, notes of peach, plum and raspberry, presence of nuts such as almond and notes of licorice.<\/p>\n\t<\/div>\n<\/div>\n\n\n\n\n\t\t<\/div> \n\t<\/div>\n\t<\/div> \n<\/div><\/div><div id=\"fws_69e78c0341b4a\" data-midnight=\"\" data-column-margin=\"default\" class=\"wpb_row vc_row-fluid vc_row inner_row vc_row-o-equal-height vc_row-flex\"  style=\"\"><div class=\"row-bg-wrap\"> <div class=\"row-bg\" ><\/div> <\/div><div class=\"row_col_wrap_12_inner col span_12  left\">\n\t<div  class=\"vc_col-sm-12 wpb_column column_container vc_column_container col child_column has-animation padding-3-percent inherit_tablet inherit_phone\"   data-padding-pos=\"top-bottom\" data-has-bg-color=\"false\" data-bg-color=\"\" data-bg-opacity=\"1\" data-animation=\"fade-in-from-bottom\" data-delay=\"0\" >\n\t\t<div class=\"vc_column-inner\" >\n\t\t<div class=\"wpb_wrapper\">\n\t\t\t\n<div class=\"wpb_text_column wpb_content_element\" >\n\t<div class=\"wpb_wrapper\">\n\t\t<p><span style=\"color: #d8a93a;\"><strong>Super Food:<\/strong><\/span><\/p>\n<p>In the refining process of the original chocolate, the atomized fruit is added.<br \/>\nOnce processed, the pulp and the shell of the fruit are dehydrated by spraying.<\/p>\n<ul>\n<li>70% Dark con jengibre<\/li>\n<li>65% Dark con camu camu<\/li>\n<\/ul>\n\t<\/div>\n<\/div>\n\n\n\n\n\t\t<\/div> \n\t<\/div>\n\t<\/div> \n<\/div><\/div>\n\t\t\t<\/div> <\/div><\/div>\n\t\t\t<\/div> \n\t\t<\/div>\n\t<\/div> \n<\/div><\/div>","protected":false},"excerpt":{"rendered":"Origen PiuraOrigen San Mart\u00ednOrigen Cuzco Origen: Piura, regi\u00f3n des\u00e9rtica al noroeste, entre el oc\u00e9ano Pacifico y los Andes, hay un cintur\u00f3n forestal con un suelo particularmente arcilloso y h\u00famedo, nace...","protected":false},"author":1,"featured_media":0,"parent":0,"menu_order":0,"comment_status":"closed","ping_status":"closed","template":"","meta":{"footnotes":""},"class_list":["post-6378","page","type-page","status-publish"],"yoast_head":"<!-- This site is optimized with the Yoast SEO Premium plugin v21.9 (Yoast SEO v21.9.1) - https:\/\/yoast.com\/wordpress\/plugins\/seo\/ -->\n<title>Origenes - Chocolater\u00eda - Tesoro Amaz\u00f3nico<\/title>\n<meta name=\"robots\" content=\"index, follow, max-snippet:-1, max-image-preview:large, max-video-preview:-1\" \/>\n<link rel=\"canonical\" href=\"https:\/\/tesoroamazonico.com\/en\/origenes\/\" \/>\n<meta property=\"og:locale\" content=\"en_US\" \/>\n<meta property=\"og:type\" content=\"article\" \/>\n<meta property=\"og:title\" content=\"Origenes\" \/>\n<meta property=\"og:url\" content=\"https:\/\/tesoroamazonico.com\/en\/origenes\/\" \/>\n<meta property=\"og:site_name\" content=\"Chocolater\u00eda - Tesoro Amaz\u00f3nico\" \/>\n<meta property=\"article:publisher\" content=\"https:\/\/www.facebook.com\/TesoroAmazonico\" \/>\n<meta property=\"article:modified_time\" content=\"2021-10-24T22:26:00+00:00\" \/>\n<meta name=\"twitter:card\" content=\"summary_large_image\" \/>\n<meta name=\"twitter:label1\" content=\"Est. reading time\" \/>\n\t<meta name=\"twitter:data1\" content=\"4 minutes\" \/>\n<script type=\"application\/ld+json\" class=\"yoast-schema-graph\">{\"@context\":\"https:\/\/schema.org\",\"@graph\":[{\"@type\":\"WebPage\",\"@id\":\"https:\/\/tesoroamazonico.com\/origenes\/\",\"url\":\"https:\/\/tesoroamazonico.com\/origenes\/\",\"name\":\"Origenes - Chocolater\u00eda - Tesoro Amaz\u00f3nico\",\"isPartOf\":{\"@id\":\"https:\/\/tesoroamazonico.com\/#website\"},\"datePublished\":\"2020-07-24T17:45:01+00:00\",\"dateModified\":\"2021-10-24T22:26:00+00:00\",\"breadcrumb\":{\"@id\":\"https:\/\/tesoroamazonico.com\/origenes\/#breadcrumb\"},\"inLanguage\":\"en-US\",\"potentialAction\":[{\"@type\":\"ReadAction\",\"target\":[\"https:\/\/tesoroamazonico.com\/origenes\/\"]}]},{\"@type\":\"BreadcrumbList\",\"@id\":\"https:\/\/tesoroamazonico.com\/origenes\/#breadcrumb\",\"itemListElement\":[{\"@type\":\"ListItem\",\"position\":1,\"name\":\"Portada\",\"item\":\"https:\/\/tesoroamazonico.com\/\"},{\"@type\":\"ListItem\",\"position\":2,\"name\":\"Origenes\"}]},{\"@type\":\"WebSite\",\"@id\":\"https:\/\/tesoroamazonico.com\/#website\",\"url\":\"https:\/\/tesoroamazonico.com\/\",\"name\":\"Tesoro Amaz\u00f3nico\",\"description\":\"Chocolater\u00eda - Tesoro Amaz\u00f3nico\",\"publisher\":{\"@id\":\"https:\/\/tesoroamazonico.com\/#organization\"},\"potentialAction\":[{\"@type\":\"SearchAction\",\"target\":{\"@type\":\"EntryPoint\",\"urlTemplate\":\"https:\/\/tesoroamazonico.com\/?s={search_term_string}\"},\"query-input\":\"required name=search_term_string\"}],\"inLanguage\":\"en-US\"},{\"@type\":\"Organization\",\"@id\":\"https:\/\/tesoroamazonico.com\/#organization\",\"name\":\"Tesoro Amaz\u00f3nico\",\"url\":\"https:\/\/tesoroamazonico.com\/\",\"logo\":{\"@type\":\"ImageObject\",\"inLanguage\":\"en-US\",\"@id\":\"https:\/\/tesoroamazonico.com\/#\/schema\/logo\/image\/\",\"url\":\"https:\/\/tesoroamazonico.com\/wp-content\/uploads\/2020\/07\/tesoro-amazonico.png\",\"contentUrl\":\"https:\/\/tesoroamazonico.com\/wp-content\/uploads\/2020\/07\/tesoro-amazonico.png\",\"width\":310,\"height\":284,\"caption\":\"Tesoro Amaz\u00f3nico\"},\"image\":{\"@id\":\"https:\/\/tesoroamazonico.com\/#\/schema\/logo\/image\/\"},\"sameAs\":[\"https:\/\/www.facebook.com\/TesoroAmazonico\"]}]}<\/script>\n<!-- \/ Yoast SEO Premium plugin. -->","yoast_head_json":{"title":"Origenes - Chocolater\u00eda - Tesoro Amaz\u00f3nico","robots":{"index":"index","follow":"follow","max-snippet":"max-snippet:-1","max-image-preview":"max-image-preview:large","max-video-preview":"max-video-preview:-1"},"canonical":"https:\/\/tesoroamazonico.com\/en\/origenes\/","og_locale":"en_US","og_type":"article","og_title":"Origenes","og_url":"https:\/\/tesoroamazonico.com\/en\/origenes\/","og_site_name":"Chocolater\u00eda - Tesoro Amaz\u00f3nico","article_publisher":"https:\/\/www.facebook.com\/TesoroAmazonico","article_modified_time":"2021-10-24T22:26:00+00:00","twitter_card":"summary_large_image","twitter_misc":{"Est. reading time":"4 minutes"},"schema":{"@context":"https:\/\/schema.org","@graph":[{"@type":"WebPage","@id":"https:\/\/tesoroamazonico.com\/origenes\/","url":"https:\/\/tesoroamazonico.com\/origenes\/","name":"Origenes - Chocolater\u00eda - Tesoro Amaz\u00f3nico","isPartOf":{"@id":"https:\/\/tesoroamazonico.com\/#website"},"datePublished":"2020-07-24T17:45:01+00:00","dateModified":"2021-10-24T22:26:00+00:00","breadcrumb":{"@id":"https:\/\/tesoroamazonico.com\/origenes\/#breadcrumb"},"inLanguage":"en-US","potentialAction":[{"@type":"ReadAction","target":["https:\/\/tesoroamazonico.com\/origenes\/"]}]},{"@type":"BreadcrumbList","@id":"https:\/\/tesoroamazonico.com\/origenes\/#breadcrumb","itemListElement":[{"@type":"ListItem","position":1,"name":"Portada","item":"https:\/\/tesoroamazonico.com\/"},{"@type":"ListItem","position":2,"name":"Origenes"}]},{"@type":"WebSite","@id":"https:\/\/tesoroamazonico.com\/#website","url":"https:\/\/tesoroamazonico.com\/","name":"Tesoro Amaz\u00f3nico","description":"Chocolater\u00eda - Tesoro Amaz\u00f3nico","publisher":{"@id":"https:\/\/tesoroamazonico.com\/#organization"},"potentialAction":[{"@type":"SearchAction","target":{"@type":"EntryPoint","urlTemplate":"https:\/\/tesoroamazonico.com\/?s={search_term_string}"},"query-input":"required name=search_term_string"}],"inLanguage":"en-US"},{"@type":"Organization","@id":"https:\/\/tesoroamazonico.com\/#organization","name":"Tesoro Amaz\u00f3nico","url":"https:\/\/tesoroamazonico.com\/","logo":{"@type":"ImageObject","inLanguage":"en-US","@id":"https:\/\/tesoroamazonico.com\/#\/schema\/logo\/image\/","url":"https:\/\/tesoroamazonico.com\/wp-content\/uploads\/2020\/07\/tesoro-amazonico.png","contentUrl":"https:\/\/tesoroamazonico.com\/wp-content\/uploads\/2020\/07\/tesoro-amazonico.png","width":310,"height":284,"caption":"Tesoro Amaz\u00f3nico"},"image":{"@id":"https:\/\/tesoroamazonico.com\/#\/schema\/logo\/image\/"},"sameAs":["https:\/\/www.facebook.com\/TesoroAmazonico"]}]}},"_links":{"self":[{"href":"https:\/\/tesoroamazonico.com\/en\/wp-json\/wp\/v2\/pages\/6378","targetHints":{"allow":["GET"]}}],"collection":[{"href":"https:\/\/tesoroamazonico.com\/en\/wp-json\/wp\/v2\/pages"}],"about":[{"href":"https:\/\/tesoroamazonico.com\/en\/wp-json\/wp\/v2\/types\/page"}],"author":[{"embeddable":true,"href":"https:\/\/tesoroamazonico.com\/en\/wp-json\/wp\/v2\/users\/1"}],"replies":[{"embeddable":true,"href":"https:\/\/tesoroamazonico.com\/en\/wp-json\/wp\/v2\/comments?post=6378"}],"version-history":[{"count":3,"href":"https:\/\/tesoroamazonico.com\/en\/wp-json\/wp\/v2\/pages\/6378\/revisions"}],"predecessor-version":[{"id":6568,"href":"https:\/\/tesoroamazonico.com\/en\/wp-json\/wp\/v2\/pages\/6378\/revisions\/6568"}],"wp:attachment":[{"href":"https:\/\/tesoroamazonico.com\/en\/wp-json\/wp\/v2\/media?parent=6378"}],"curies":[{"name":"wp","href":"https:\/\/api.w.org\/{rel}","templated":true}]}}